{"id":383,"date":"2016-09-13T08:29:05","date_gmt":"2016-09-13T08:29:05","guid":{"rendered":"https:\/\/kaburga.at\/stubai\/"},"modified":"2017-06-26T13:41:58","modified_gmt":"2017-06-26T13:41:58","slug":"stubai","status":"publish","type":"page","link":"https:\/\/kaburga.at\/en\/stubai\/","title":{"rendered":"STUBAI"},"content":{"rendered":"<p><div class=\"fusion-fullwidth fullwidth-box fusion-builder-row-1 fusion-flex-container hundred-percent-fullwidth non-hundred-percent-height-scrolling\" style=\"--awb-background-position:right top;--awb-border-radius-top-left:0px;--awb-border-radius-top-right:0px;--awb-border-radius-bottom-right:0px;--awb-border-radius-bottom-left:0px;--awb-padding-top:0px;--awb-padding-right:0px;--awb-padding-bottom:0px;--awb-padding-left:0px;--awb-background-color:#cfc6b7;--awb-border-sizes-top:0px;--awb-border-sizes-bottom:0px;--awb-flex-wrap:wrap;\" ><div class=\"fusion-builder-row fusion-row fusion-flex-align-items-flex-start fusion-flex-content-wrap\" style=\"width:calc( 100% + 0px ) !important;max-width:calc( 100% + 0px ) !important;margin-left: calc(-0px \/ 2 );margin-right: calc(-0px \/ 2 );\"><div class=\"fusion-layout-column fusion_builder_column fusion-builder-column-0 fusion_builder_column_1_2 1_2 fusion-flex-column\" style=\"--awb-padding-top:10%;--awb-padding-right:10%;--awb-padding-bottom:10%;--awb-padding-left:10%;--awb-bg-size:cover;--awb-width-large:50%;--awb-margin-top-large:0px;--awb-spacing-right-large:0px;--awb-margin-bottom-large:20px;--awb-spacing-left-large:0px;--awb-width-medium:50%;--awb-spacing-right-medium:0px;--awb-spacing-left-medium:0px;--awb-width-small:100%;--awb-spacing-right-small:0px;--awb-spacing-left-small:0px;\"><div class=\"fusion-column-wrapper fusion-flex-justify-content-flex-start fusion-content-layout-column\"><div class=\"fusion-title title fusion-title-1 fusion-sep-none fusion-title-text fusion-title-size-one\"><h1 class=\"fusion-title-heading title-heading-left fusion-responsive-typography-calculated\" style=\"margin:0;--fontSize:45;line-height:1.4;\">URLAUB ZU JEDER JAHRESZEIT<\/h1><\/div><div class=\"fusion-text fusion-text-1\"><p>Das ganze Jahr \u00fcber gibt es bei uns viele M\u00f6glichkeiten f\u00fcr Aktivit\u00e4ten. W\u00e4hrend die Skifahrer bereits ihre ersten Schw\u00fcnge am Stubaier Gletscher ziehen erwandern Sie das Stubaital vom Fr\u00fchjahr bis in den Sp\u00e4therbst. Das Zentrum der Landeshauptstadt Innsbruck erreichen Sie in nur 15 Autominuten. F\u00fcr Spa\u00df und Entspannung wird in der neuen Wasser-Erlebniswelt Stubay gesorgt, die Sie zu Fu\u00df in nur 10 Minuten erreichen.<\/p>\n<\/div><\/div><\/div><div class=\"fusion-layout-column fusion_builder_column fusion-builder-column-1 fusion_builder_column_1_2 1_2 fusion-flex-column\" style=\"--awb-bg-image:url(&#039;https:\/\/kaburga.at\/wp-content\/uploads\/2016\/09\/An-der-Kaburga-Stubai-zu-jeder-Jahreszeit.jpg&#039;);--awb-bg-position:right top;--awb-bg-size:cover;--awb-width-large:50%;--awb-margin-top-large:0px;--awb-spacing-right-large:0px;--awb-margin-bottom-large:0px;--awb-spacing-left-large:0px;--awb-width-medium:50%;--awb-spacing-right-medium:0px;--awb-spacing-left-medium:0px;--awb-width-small:100%;--awb-spacing-right-small:0px;--awb-spacing-left-small:0px;\"><div class=\"fusion-column-wrapper fusion-flex-justify-content-flex-start fusion-content-layout-column fusion-empty-column-bg-image fusion-column-has-bg-image\" data-bg-url=\"https:\/\/kaburga.at\/wp-content\/uploads\/2016\/09\/An-der-Kaburga-Stubai-zu-jeder-Jahreszeit.jpg\"><img decoding=\"async\" class=\"fusion-empty-dims-img-placeholder\" src=\"data:image\/svg+xml,%3Csvg%20xmlns%3D%27http%3A%2F%2Fwww.w3.org%2F2000%2Fsvg%27%20width%3D%271920%27%20height%3D%271280%27%20viewBox%3D%270%200%201920%201280%27%3E%3Crect%20width%3D%271920%27%20height%3D%271280%27%20fill-opacity%3D%220%22%2F%3E%3C%2Fsvg%3E\"><\/div><\/div><\/div><\/div><div class=\"fusion-fullwidth fullwidth-box fusion-builder-row-2 fusion-flex-container hundred-percent-fullwidth non-hundred-percent-height-scrolling\" style=\"--awb-background-position:right top;--awb-border-radius-top-left:0px;--awb-border-radius-top-right:0px;--awb-border-radius-bottom-right:0px;--awb-border-radius-bottom-left:0px;--awb-padding-top:0px;--awb-padding-right:0px;--awb-padding-bottom:0px;--awb-padding-left:0px;--awb-background-color:#bfb6a8;--awb-border-sizes-top:0px;--awb-border-sizes-bottom:0px;--awb-flex-wrap:wrap;\" ><div class=\"fusion-builder-row fusion-row fusion-flex-align-items-flex-start fusion-flex-content-wrap\" style=\"width:calc( 100% + 0px ) !important;max-width:calc( 100% + 0px ) !important;margin-left: calc(-0px \/ 2 );margin-right: calc(-0px \/ 2 );\"><div class=\"fusion-layout-column fusion_builder_column fusion-builder-column-2 fusion_builder_column_1_2 1_2 fusion-flex-column\" style=\"--awb-padding-top:10%;--awb-padding-right:10%;--awb-padding-bottom:10%;--awb-padding-left:10%;--awb-bg-size:cover;--awb-width-large:50%;--awb-margin-top-large:0px;--awb-spacing-right-large:0px;--awb-margin-bottom-large:20px;--awb-spacing-left-large:0px;--awb-width-medium:50%;--awb-spacing-right-medium:0px;--awb-spacing-left-medium:0px;--awb-width-small:100%;--awb-spacing-right-small:0px;--awb-spacing-left-small:0px;\"><div class=\"fusion-column-wrapper fusion-flex-justify-content-flex-start fusion-content-layout-column\"><div class=\"fusion-title title fusion-title-2 fusion-sep-none fusion-title-text fusion-title-size-one\"><h1 class=\"fusion-title-heading title-heading-left fusion-responsive-typography-calculated\" style=\"margin:0;--fontSize:45;line-height:1.4;\">STUBAI IM WINTER<\/h1><\/div><div class=\"fusion-text fusion-text-2\"><p>In unmittelbarer N\u00e4he zu unserem Haus finden Sie unz\u00e4hlige M\u00f6glichkeiten f\u00fcr Ihren Winterurlaub. Das Skigebiet Schlick 2000 ist nur 2 km entfernt, Die Serlesbahnen in Mieders ebenso. Als gr\u00f6\u00dftes Gletscherskigebiet \u00d6sterreichs mit 100% Schneegarantie lockt der Stubaier Gletscher. Nicht nur Skifahrer kommen bei uns auf Ihre Kosten. Langlaufloipen, M\u00f6glichkeiten f\u00fcr Schneeschuhwanderungen und Winterspazierg\u00e4nge finden Sie in unmittelbarer N\u00e4he.<\/p>\n<\/div><\/div><\/div><div class=\"fusion-layout-column fusion_builder_column fusion-builder-column-3 fusion_builder_column_1_2 1_2 fusion-flex-column\" style=\"--awb-bg-image:url(&#039;https:\/\/kaburga.at\/wp-content\/uploads\/2016\/09\/An-der-Kaburga-Stubai-Wintersport.jpg&#039;);--awb-bg-position:right top;--awb-bg-size:cover;--awb-width-large:50%;--awb-margin-top-large:0px;--awb-spacing-right-large:0px;--awb-margin-bottom-large:0px;--awb-spacing-left-large:0px;--awb-width-medium:50%;--awb-spacing-right-medium:0px;--awb-spacing-left-medium:0px;--awb-width-small:100%;--awb-spacing-right-small:0px;--awb-spacing-left-small:0px;\"><div class=\"fusion-column-wrapper fusion-flex-justify-content-flex-start fusion-content-layout-column fusion-empty-column-bg-image fusion-column-has-bg-image\" data-bg-url=\"https:\/\/kaburga.at\/wp-content\/uploads\/2016\/09\/An-der-Kaburga-Stubai-Wintersport.jpg\"><img decoding=\"async\" class=\"fusion-empty-dims-img-placeholder\" src=\"data:image\/svg+xml,%3Csvg%20xmlns%3D%27http%3A%2F%2Fwww.w3.org%2F2000%2Fsvg%27%20width%3D%271157%27%20height%3D%27771%27%20viewBox%3D%270%200%201157%20771%27%3E%3Crect%20width%3D%271157%27%20height%3D%27771%27%20fill-opacity%3D%220%22%2F%3E%3C%2Fsvg%3E\"><\/div><\/div><\/div><\/div><div class=\"fusion-fullwidth fullwidth-box fusion-builder-row-3 fusion-flex-container hundred-percent-fullwidth non-hundred-percent-height-scrolling\" style=\"--awb-background-position:right top;--awb-border-radius-top-left:0px;--awb-border-radius-top-right:0px;--awb-border-radius-bottom-right:0px;--awb-border-radius-bottom-left:0px;--awb-padding-top:0px;--awb-padding-right:0px;--awb-padding-bottom:0px;--awb-padding-left:0px;--awb-background-color:#cfc6b7;--awb-border-sizes-top:0px;--awb-border-sizes-bottom:0px;--awb-flex-wrap:wrap;\" ><div class=\"fusion-builder-row fusion-row fusion-flex-align-items-flex-start fusion-flex-content-wrap\" style=\"width:calc( 100% + 0px ) !important;max-width:calc( 100% + 0px ) !important;margin-left: calc(-0px \/ 2 );margin-right: calc(-0px \/ 2 );\"><div class=\"fusion-layout-column fusion_builder_column fusion-builder-column-4 fusion_builder_column_1_2 1_2 fusion-flex-column\" style=\"--awb-padding-top:10%;--awb-padding-right:10%;--awb-padding-bottom:10%;--awb-padding-left:10%;--awb-bg-size:cover;--awb-width-large:50%;--awb-margin-top-large:0px;--awb-spacing-right-large:0px;--awb-margin-bottom-large:20px;--awb-spacing-left-large:0px;--awb-width-medium:50%;--awb-spacing-right-medium:0px;--awb-spacing-left-medium:0px;--awb-width-small:100%;--awb-spacing-right-small:0px;--awb-spacing-left-small:0px;\"><div class=\"fusion-column-wrapper fusion-flex-justify-content-flex-start fusion-content-layout-column\"><div class=\"fusion-title title fusion-title-3 fusion-sep-none fusion-title-text fusion-title-size-one\"><h1 class=\"fusion-title-heading title-heading-left fusion-responsive-typography-calculated\" style=\"margin:0;--fontSize:45;line-height:1.4;\">STUBAI IM SOMMER<\/h1><\/div><div class=\"fusion-text fusion-text-3\"><p>Im Sommer erwarten Sie zahlreiche Themen- &amp; Wanderwege rund um unser Haus. Au\u00dferdem finden Sie in unmittelbarer N\u00e4he zahlreiche Highlights f\u00fcr Familien wie die Sommerrodelbahn Serleslifte, den Scheibenweg in der Schlick oder den neuen Baumhausweg. Mit dem Mountainbike oder E-Bike starten Sie direkt vor der Haust\u00fcre zu unz\u00e4hligen Routen in jedem Schwierigkeitsgrad. Mit der Stubai Super Card die Sie bei Anreise bei uns erhalten nutzen Sie alle Bergbahnen im Stubaital und vieles mehr kostenlos.<\/p>\n<\/div><\/div><\/div><div class=\"fusion-layout-column fusion_builder_column fusion-builder-column-5 fusion_builder_column_1_2 1_2 fusion-flex-column\" style=\"--awb-bg-image:url(&#039;https:\/\/kaburga.at\/wp-content\/uploads\/2016\/09\/An-der-Kaburga-Stubai-Sommersports.jpg&#039;);--awb-bg-position:right top;--awb-bg-size:cover;--awb-width-large:50%;--awb-margin-top-large:0px;--awb-spacing-right-large:0px;--awb-margin-bottom-large:0px;--awb-spacing-left-large:0px;--awb-width-medium:50%;--awb-spacing-right-medium:0px;--awb-spacing-left-medium:0px;--awb-width-small:100%;--awb-spacing-right-small:0px;--awb-spacing-left-small:0px;\"><div class=\"fusion-column-wrapper fusion-flex-justify-content-flex-start fusion-content-layout-column fusion-empty-column-bg-image fusion-column-has-bg-image\" data-bg-url=\"https:\/\/kaburga.at\/wp-content\/uploads\/2016\/09\/An-der-Kaburga-Stubai-Sommersports.jpg\"><img decoding=\"async\" class=\"fusion-empty-dims-img-placeholder\" src=\"data:image\/svg+xml,%3Csvg%20xmlns%3D%27http%3A%2F%2Fwww.w3.org%2F2000%2Fsvg%27%20width%3D%271920%27%20height%3D%271280%27%20viewBox%3D%270%200%201920%201280%27%3E%3Crect%20width%3D%271920%27%20height%3D%271280%27%20fill-opacity%3D%220%22%2F%3E%3C%2Fsvg%3E\"><\/div><\/div><\/div><\/div><div class=\"fusion-fullwidth fullwidth-box fusion-builder-row-4 fusion-flex-container fusion-parallax-fixed nonhundred-percent-fullwidth non-hundred-percent-height-scrolling\" style=\"--awb-border-radius-top-left:0px;--awb-border-radius-top-right:0px;--awb-border-radius-bottom-right:0px;--awb-border-radius-bottom-left:0px;--awb-padding-top:195px;--awb-padding-right:5%;--awb-padding-bottom:175px;--awb-padding-left:5%;--awb-background-image:url(&quot;https:\/\/kaburga.at\/wp-content\/uploads\/2016\/09\/An-der-Kaburga-Stubai-1-1erTrail-Elferlifte.jpg&quot;);--awb-background-size:cover;--awb-border-sizes-top:0px;--awb-border-sizes-bottom:0px;--awb-flex-wrap:wrap;background-attachment:fixed;\" ><div class=\"fusion-builder-row fusion-row fusion-flex-align-items-flex-start fusion-flex-content-wrap\" style=\"max-width:calc( 1100px + 0px );margin-left: calc(-0px \/ 2 );margin-right: calc(-0px \/ 2 );\"><div class=\"fusion-layout-column fusion_builder_column fusion-builder-column-6 fusion_builder_column_1_1 1_1 fusion-flex-column fusion-flex-align-self-flex-start fusion-column-no-min-height\" style=\"--awb-bg-size:cover;--awb-width-large:100%;--awb-margin-top-large:0px;--awb-spacing-right-large:0px;--awb-margin-bottom-large:0px;--awb-spacing-left-large:0px;--awb-width-medium:100%;--awb-spacing-right-medium:0px;--awb-spacing-left-medium:0px;--awb-width-small:100%;--awb-spacing-right-small:0px;--awb-spacing-left-small:0px;\"><div class=\"fusion-column-wrapper fusion-flex-justify-content-flex-start fusion-content-layout-column\"><div class=\"fusion-title title fusion-title-4 fusion-sep-none fusion-title-text fusion-title-size-two\"><h2 class=\"fusion-title-heading title-heading-left fusion-responsive-typography-calculated\" style=\"margin:0;--fontSize:30;line-height:1.5;\"><p style=\"text-align: center;\">DER EINSEINSER-TRAIL<\/p><\/h2><\/div><div class=\"fusion-separator hrshort\" style=\"align-self: center;margin-left: auto;margin-right: auto;margin-top:0px;margin-bottom:20px;width:100%;max-width:170px;\"><div class=\"fusion-separator-border sep-single sep-solid\" style=\"--awb-height:20px;--awb-amount:20px;--awb-sep-color:#bfb6a8;border-color:#bfb6a8;border-top-width:1px;\"><\/div><\/div><div class=\"fusion-text fusion-text-4\"><p style=\"text-align: center;\">Am 11er Lift in Neustift<\/p>\n<\/div><\/div><\/div><\/div><\/div><div class=\"fusion-fullwidth fullwidth-box fusion-builder-row-5 fusion-flex-container hundred-percent-fullwidth non-hundred-percent-height-scrolling\" style=\"--awb-background-position:right top;--awb-border-radius-top-left:0px;--awb-border-radius-top-right:0px;--awb-border-radius-bottom-right:0px;--awb-border-radius-bottom-left:0px;--awb-padding-top:0px;--awb-padding-right:0px;--awb-padding-bottom:0px;--awb-padding-left:0px;--awb-background-color:#bfb6a8;--awb-border-sizes-top:0px;--awb-border-sizes-bottom:0px;--awb-flex-wrap:wrap;\" ><div class=\"fusion-builder-row fusion-row fusion-flex-align-items-stretch fusion-flex-content-wrap\" style=\"width:calc( 100% + 0px ) !important;max-width:calc( 100% + 0px ) !important;margin-left: calc(-0px \/ 2 );margin-right: calc(-0px \/ 2 );\"><div class=\"fusion-layout-column fusion_builder_column fusion-builder-column-7 fusion_builder_column_1_2 1_2 fusion-flex-column\" style=\"--awb-padding-top:10%;--awb-padding-right:10%;--awb-padding-bottom:10%;--awb-padding-left:10%;--awb-bg-size:cover;--awb-width-large:50%;--awb-margin-top-large:0px;--awb-spacing-right-large:0px;--awb-margin-bottom-large:20px;--awb-spacing-left-large:0px;--awb-width-medium:50%;--awb-spacing-right-medium:0px;--awb-spacing-left-medium:0px;--awb-width-small:100%;--awb-spacing-right-small:0px;--awb-spacing-left-small:0px;\"><div class=\"fusion-column-wrapper fusion-flex-justify-content-flex-start fusion-content-layout-column\"><div class=\"fusion-title title fusion-title-5 fusion-sep-none fusion-title-text fusion-title-size-one\"><h1 class=\"fusion-title-heading title-heading-left fusion-responsive-typography-calculated\" style=\"margin:0;--fontSize:45;line-height:1.4;\">DIE STUBAI SUPER CARD<\/h1><\/div><div class=\"fusion-text fusion-text-5\"><p>Die Stubai Super Card ist bei deinem Aufenthalt &#8220;An der Kaburga&#8221; kostenlos dabei. Du genie\u00dft dadurch viele Vorteile!<br \/>\nXX.XX.2017<\/p>\n<p><strong>Kostenlos in der STUBAI SUPER CARD inklusive<\/strong><br \/>\n\u2013 Kostenlose Nutzung aller 4 Bergbahnen mit einer Berg- und Talfahrt pro Tag<br \/>\n\u2013 1x pro Woche kostenlose Fahrt mit der Sommerrodelbahn in Mieders<br \/>\n\u2013 1x pro Woche kostenlosen Eintritt ins Erlebnisbad STUBAY in Fulpmes<br \/>\n\u2013 Freie Ben\u00fctzung des Hallenbades Neustift und des Freibad Mieders<br \/>\n\u2013 Freie Fahrt mit allen \u00f6ffentlichen Verkehrsmitteln<br \/>\n<strong><br \/>\nZus\u00e4tzllich 30 % Erm\u00e4\u00dfigung auf<\/strong><br \/>\n\u2013 Eintritt in die Eisgrotte am Stubaier Gletscher<br \/>\n\u2013 Fahrten mit dem Almtaxi nach Oberriss und zur Pfarrachalm<br \/>\n\u2013 Eintritt in Greifvogelpark Telfes<br \/>\n\u2013 Minigolfplatz und Krippenmuseum in Fulpmes<br \/>\n\u2013 Eintritt in das Bergiselstadion Innsbruck<br \/>\n\u2013 Kombiticket der Innsbrucker Landesmuseen<br \/>\n\u2013 uvm.<\/p>\n<\/div><\/div><\/div><div class=\"fusion-layout-column fusion_builder_column fusion-builder-column-8 fusion_builder_column_1_2 1_2 fusion-flex-column\" style=\"--awb-bg-image:url(&#039;https:\/\/kaburga.at\/wp-content\/uploads\/2016\/09\/An-der-Kaburga-Stubai-Super-Card.jpg&#039;);--awb-bg-position:right top;--awb-bg-size:cover;--awb-width-large:50%;--awb-margin-top-large:0px;--awb-spacing-right-large:0px;--awb-margin-bottom-large:0px;--awb-spacing-left-large:0px;--awb-width-medium:50%;--awb-spacing-right-medium:0px;--awb-spacing-left-medium:0px;--awb-width-small:100%;--awb-spacing-right-small:0px;--awb-spacing-left-small:0px;\"><div class=\"fusion-column-wrapper fusion-flex-justify-content-flex-start fusion-content-layout-column fusion-empty-column-bg-image fusion-column-has-bg-image\" data-bg-url=\"https:\/\/kaburga.at\/wp-content\/uploads\/2016\/09\/An-der-Kaburga-Stubai-Super-Card.jpg\"><img decoding=\"async\" class=\"fusion-empty-dims-img-placeholder fusion-no-large-visibility fusion-no-medium-visibility\" src=\"data:image\/svg+xml,%3Csvg%20xmlns%3D%27http%3A%2F%2Fwww.w3.org%2F2000%2Fsvg%27%20width%3D%271920%27%20height%3D%271280%27%20viewBox%3D%270%200%201920%201280%27%3E%3Crect%20width%3D%271920%27%20height%3D%271280%27%20fill-opacity%3D%220%22%2F%3E%3C%2Fsvg%3E\"><\/div><\/div><\/div><\/div><\/p>\n","protected":false},"excerpt":{"rendered":"","protected":false},"author":1,"featured_media":0,"parent":0,"menu_order":100,"comment_status":"closed","ping_status":"closed","template":"100-width.php","meta":{"footnotes":""},"class_list":["post-383","page","type-page","status-publish","hentry"],"yoast_head":"<!-- This site is optimized with the Yoast SEO plugin v27.4 - https:\/\/yoast.com\/product\/yoast-seo-wordpress\/ -->\n<title>Ferienwohnungen im Stubai - An der Kaburga Telfes Stubaital<\/title>\n<meta name=\"description\" content=\"Bei uns im Stubai haben Sie Sommer wie Winter zahlreiche M\u00f6glichkeiten f\u00fcr Aktivit\u00e4ten. Skifahren, Mountainbiken, Wandern uvm. nahe unserer Ferienwohnungen\" \/>\n<meta name=\"robots\" content=\"index, follow, max-snippet:-1, max-image-preview:large, max-video-preview:-1\" \/>\n<link rel=\"canonical\" href=\"https:\/\/kaburga.at\/stubai\/\" \/>\n<meta property=\"og:locale\" content=\"en_US\" \/>\n<meta property=\"og:type\" content=\"article\" \/>\n<meta property=\"og:title\" content=\"Ferienwohnungen im Stubai - An der Kaburga Telfes Stubaital\" \/>\n<meta property=\"og:description\" content=\"Bei uns im Stubai haben Sie Sommer wie Winter zahlreiche M\u00f6glichkeiten f\u00fcr Aktivit\u00e4ten. Skifahren, Mountainbiken, Wandern uvm. nahe unserer Ferienwohnungen\" \/>\n<meta property=\"og:url\" content=\"https:\/\/kaburga.at\/stubai\/\" \/>\n<meta property=\"og:site_name\" content=\"An der Kaburga\" \/>\n<meta property=\"article:modified_time\" content=\"2017-06-26T13:41:58+00:00\" \/>\n<meta name=\"twitter:card\" content=\"summary_large_image\" \/>\n<meta name=\"twitter:label1\" content=\"Est. reading time\" \/>\n\t<meta name=\"twitter:data1\" content=\"7 minutes\" \/>\n<script type=\"application\/ld+json\" class=\"yoast-schema-graph\">{\"@context\":\"https:\\\/\\\/schema.org\",\"@graph\":[{\"@type\":\"WebPage\",\"@id\":\"https:\\\/\\\/kaburga.at\\\/stubai\\\/\",\"url\":\"https:\\\/\\\/kaburga.at\\\/stubai\\\/\",\"name\":\"Ferienwohnungen im Stubai - An der Kaburga Telfes Stubaital\",\"isPartOf\":{\"@id\":\"https:\\\/\\\/kaburga.at\\\/#website\"},\"datePublished\":\"2016-09-13T08:29:05+00:00\",\"dateModified\":\"2017-06-26T13:41:58+00:00\",\"description\":\"Bei uns im Stubai haben Sie Sommer wie Winter zahlreiche M\u00f6glichkeiten f\u00fcr Aktivit\u00e4ten. Skifahren, Mountainbiken, Wandern uvm. nahe unserer Ferienwohnungen\",\"breadcrumb\":{\"@id\":\"https:\\\/\\\/kaburga.at\\\/stubai\\\/#breadcrumb\"},\"inLanguage\":\"en-US\",\"potentialAction\":[{\"@type\":\"ReadAction\",\"target\":[\"https:\\\/\\\/kaburga.at\\\/stubai\\\/\"]}]},{\"@type\":\"BreadcrumbList\",\"@id\":\"https:\\\/\\\/kaburga.at\\\/stubai\\\/#breadcrumb\",\"itemListElement\":[{\"@type\":\"ListItem\",\"position\":1,\"name\":\"Startseite\",\"item\":\"https:\\\/\\\/kaburga.at\\\/en\\\/\"},{\"@type\":\"ListItem\",\"position\":2,\"name\":\"STUBAI\"}]},{\"@type\":\"WebSite\",\"@id\":\"https:\\\/\\\/kaburga.at\\\/#website\",\"url\":\"https:\\\/\\\/kaburga.at\\\/\",\"name\":\"An der Kaburga\",\"description\":\"Ferienwohnungen\",\"potentialAction\":[{\"@type\":\"SearchAction\",\"target\":{\"@type\":\"EntryPoint\",\"urlTemplate\":\"https:\\\/\\\/kaburga.at\\\/?s={search_term_string}\"},\"query-input\":{\"@type\":\"PropertyValueSpecification\",\"valueRequired\":true,\"valueName\":\"search_term_string\"}}],\"inLanguage\":\"en-US\"}]}<\/script>\n<!-- \/ Yoast SEO plugin. -->","yoast_head_json":{"title":"Ferienwohnungen im Stubai - An der Kaburga Telfes Stubaital","description":"Bei uns im Stubai haben Sie Sommer wie Winter zahlreiche M\u00f6glichkeiten f\u00fcr Aktivit\u00e4ten. Skifahren, Mountainbiken, Wandern uvm. nahe unserer Ferienwohnungen","robots":{"index":"index","follow":"follow","max-snippet":"max-snippet:-1","max-image-preview":"max-image-preview:large","max-video-preview":"max-video-preview:-1"},"canonical":"https:\/\/kaburga.at\/stubai\/","og_locale":"en_US","og_type":"article","og_title":"Ferienwohnungen im Stubai - An der Kaburga Telfes Stubaital","og_description":"Bei uns im Stubai haben Sie Sommer wie Winter zahlreiche M\u00f6glichkeiten f\u00fcr Aktivit\u00e4ten. Skifahren, Mountainbiken, Wandern uvm. nahe unserer Ferienwohnungen","og_url":"https:\/\/kaburga.at\/stubai\/","og_site_name":"An der Kaburga","article_modified_time":"2017-06-26T13:41:58+00:00","twitter_card":"summary_large_image","twitter_misc":{"Est. reading time":"7 minutes"},"schema":{"@context":"https:\/\/schema.org","@graph":[{"@type":"WebPage","@id":"https:\/\/kaburga.at\/stubai\/","url":"https:\/\/kaburga.at\/stubai\/","name":"Ferienwohnungen im Stubai - An der Kaburga Telfes Stubaital","isPartOf":{"@id":"https:\/\/kaburga.at\/#website"},"datePublished":"2016-09-13T08:29:05+00:00","dateModified":"2017-06-26T13:41:58+00:00","description":"Bei uns im Stubai haben Sie Sommer wie Winter zahlreiche M\u00f6glichkeiten f\u00fcr Aktivit\u00e4ten. Skifahren, Mountainbiken, Wandern uvm. nahe unserer Ferienwohnungen","breadcrumb":{"@id":"https:\/\/kaburga.at\/stubai\/#breadcrumb"},"inLanguage":"en-US","potentialAction":[{"@type":"ReadAction","target":["https:\/\/kaburga.at\/stubai\/"]}]},{"@type":"BreadcrumbList","@id":"https:\/\/kaburga.at\/stubai\/#breadcrumb","itemListElement":[{"@type":"ListItem","position":1,"name":"Startseite","item":"https:\/\/kaburga.at\/en\/"},{"@type":"ListItem","position":2,"name":"STUBAI"}]},{"@type":"WebSite","@id":"https:\/\/kaburga.at\/#website","url":"https:\/\/kaburga.at\/","name":"An der Kaburga","description":"Ferienwohnungen","potentialAction":[{"@type":"SearchAction","target":{"@type":"EntryPoint","urlTemplate":"https:\/\/kaburga.at\/?s={search_term_string}"},"query-input":{"@type":"PropertyValueSpecification","valueRequired":true,"valueName":"search_term_string"}}],"inLanguage":"en-US"}]}},"_links":{"self":[{"href":"https:\/\/kaburga.at\/en\/wp-json\/wp\/v2\/pages\/383","targetHints":{"allow":["GET"]}}],"collection":[{"href":"https:\/\/kaburga.at\/en\/wp-json\/wp\/v2\/pages"}],"about":[{"href":"https:\/\/kaburga.at\/en\/wp-json\/wp\/v2\/types\/page"}],"author":[{"embeddable":true,"href":"https:\/\/kaburga.at\/en\/wp-json\/wp\/v2\/users\/1"}],"replies":[{"embeddable":true,"href":"https:\/\/kaburga.at\/en\/wp-json\/wp\/v2\/comments?post=383"}],"version-history":[{"count":2,"href":"https:\/\/kaburga.at\/en\/wp-json\/wp\/v2\/pages\/383\/revisions"}],"predecessor-version":[{"id":409,"href":"https:\/\/kaburga.at\/en\/wp-json\/wp\/v2\/pages\/383\/revisions\/409"}],"wp:attachment":[{"href":"https:\/\/kaburga.at\/en\/wp-json\/wp\/v2\/media?parent=383"}],"curies":[{"name":"wp","href":"https:\/\/api.w.org\/{rel}","templated":true}]}}